{"id":27907,"date":"2023-11-22T14:36:43","date_gmt":"2023-11-22T19:36:43","guid":{"rendered":"https:\/\/foodbankscanada.ca\/?page_id=27907"},"modified":"2026-04-18T16:24:55","modified_gmt":"2026-04-18T20:24:55","slug":"emplacements-pilotes","status":"publish","type":"page","link":"https:\/\/dev.foodbankscanada.ca\/fr\/fonds-dequite-menstruelle\/emplacements-pilotes\/","title":{"rendered":"Emplacements Pilotes"},"content":{"rendered":"<section class=\" block block-image-text-button-list image-text-button-list mb-5 alignfull\"\n         style=\"  background-color: rgba(254, 245, 221, 0); \">\n  <div class=\"container-lg px-0 d-flex flex-column flex-lg-row-reverse\">\n    \n    <div class=\"container-lg px-0 px-lg-2 col-12 col-lg-6\">\n      \n      <div class=\"slider-padding-div mb-4\">\n        <div\n          class=\"image-text-button-swiper swiper\"\n          style=\"--swiper-theme-color: #FFBE00; width: 100%;\"\n          data-autoscroll=\"false\"\n          data-delay=\"3000\"\n        >\n          <div class=\"swiper-wrapper\">\n                           \n                <div\n                  class=\"swiper-slide image-banner\"\n                  style=\"background-size: cover; background-position: center; background-repeat: no-repeat;\n                                        aspect-ratio: 1.1400000005928;\n                                              background-image: url('https:\/\/content.foodbankscanada.ca\/wordpress\/2023\/11\/mef-banner-655e50a4da624.webp');\n                                                              width: 100%;\"\n                  role=\"img\"\n                  aria-label=\"\"\n                ><\/div>\n                                    <\/div>\n\n                  <\/div>\n      <\/div>\n\n      \n              <div class=\"d-none d-lg-block\">\n          \n        <\/div>\n          <\/div>\n\n    \n    <div class=\"container col-12 col-lg-6 text-break\">\n      <div class=\"breadcrumbs-section    \n  \">\n  <p id=\"breadcrumbs\" class=\"\"><span><span><a href=\"https:\/\/dev.foodbankscanada.ca\/fr\/home\/\">Accueil<\/a><\/span><\/span><\/p><\/div>              <div class=\"mt-4\">\n          <h1 class=\"mt-0 mt-lg-4 title text-wrap text-break\">EMPLACEMENTS PILOTES<\/h1>\n<p class=\"mt-2 mt-lg-4 pt-lg-3 me-4\">Banques alimentaires Canada se r\u00e9jouit de collaborer avec les banques alimentaires et les organismes communautaires de toutes les provinces et de tous les territoires pour mettre en \u0153uvre ce projet pilote. Nous travaillons directement avec 392 emplacements pilotes, mais gr\u00e2ce \u00e0 la port\u00e9e accrue de ces emplacements au sein de leurs communaut\u00e9s, le produit devrait atteindre 570,000 personnes.<\/p>\n\n        <\/div>\n      \n              <div class=\"mt-4 d-block d-lg-none\">\n          \n        <\/div>\n          <\/div>\n  <\/div>\n<\/section>\n\n<script>\n  window.wpConfig = {\"apiHost\":\"https:\\\/\\\/fbcbot-dev.azurewebsites.net\\\/api\\\/\"};\n<\/script>\n\n<section class=\" block block-pilot-locations-map pilot-locations-map container aligndefault\" style=\"\">\n  \n  <div class=\"pilot-locations-map-container\">\n    <div class=\"d-flex flex-column flex-xl-row\">\n      <div id=\"pilot-locations-map-wrapper\" class=\"pilot-locations-map-wrapper\" style=\"position:relative\">\n        <div id=\"pilot-locations-map\" class=\"pilot-locations-map\"><\/div>\n\n        <!-- Modal -->\n        <div class=\"modal fade\" id=\"plMapModal\" tabindex=\"-1\" aria-labelledby=\"plMapModalLabel\" aria-hidden=\"true\">\n          <div class=\"modal-dialog modal-lg modal-dialog-centered modal-dialog-scrollable\">\n            <div class=\"modal-content\">\n              <div class=\"modal-header\">\n                <h2 class=\"modal-title\" id=\"popup-header\"><\/h2>\n                <button type=\"button\" class=\"btn-close\" data-bs-dismiss=\"modal\" aria-label=\"Close\"><\/button>\n              <\/div>\n              <div id=\"plMapModalBody\" class=\"modal-body\">\n                <p id=\"popup-text\"><\/p>\n                <table id=\"popup-table\" class=\"table table-bordered\"><\/table>\n              <\/div>\n            <\/div>\n          <\/div>\n        <\/div>\n      <\/div>\n    <\/div>\n  <\/div>\n<\/section>\n\n\n\n<div class=\"container d-flex justify-content-end mb-4\">\n  <div style=\"max-width:466px; width:75%\"; min-width:300px;  >\n    <img decoding=\"async\" src=\"https:\/\/content.foodbankscanada.ca\/wordpress\/2023\/11\/wage-logo-full.webp\" height=\"auto\" width=\"100%\" style=\"max-width: 466px;\" data-pagespeed-url-hash=\"3464753464\" onload=\"pagespeed.CriticalImages.checkImageForCriticality(this);\">\n  <\/div>\n<\/div>\n","protected":false},"excerpt":{"rendered":"<p>D\u00e9couvrez les emplacements pilotes de Banques alimentaires Canada et leur impact dans les communaut\u00e9s de toutes les provinces et territoires.<\/p>\n","protected":false},"author":33,"featured_media":27876,"parent":27897,"menu_order":0,"comment_status":"closed","ping_status":"closed","template":"full-width-page.blade.php","meta":{"_acf_changed":false,"_yoast_wpseo_focuskw":"emplacements pilotes","_yoast_wpseo_title":"Emplacements pilotes | Banques alimentaires Canada","_yoast_wpseo_metadesc":"D\u00e9couvrez les emplacements pilotes de Banques alimentaires Canada et leur port\u00e9e dans les communaut\u00e9s partout au pays.","_yoast_wpseo_opengraph-title":"Emplacements pilotes | Banques alimentaires Canada","_yoast_wpseo_opengraph-description":"D\u00e9couvrez les emplacements pilotes de Banques alimentaires Canada et leur port\u00e9e dans les communaut\u00e9s partout au pays.","_yoast_wpseo_opengraph-image":"https:\/\/content.foodbankscanada.ca\/wordpress\/2023\/11\/mef-banner-655e50a4da624.webp","_yoast_wpseo_opengraph-image-id":"","_yoast_wpseo_twitter-title":"Emplacements pilotes | Banques alimentaires Canada","_yoast_wpseo_twitter-description":"D\u00e9couvrez les emplacements pilotes de Banques alimentaires Canada et leur port\u00e9e dans les communaut\u00e9s partout au pays.","_yoast_wpseo_twitter-image":"https:\/\/content.foodbankscanada.ca\/wordpress\/2023\/11\/mef-banner-655e50a4da624.webp","_yoast_wpseo_twitter-image-id":"","footnotes":""},"categories":[],"tags":[],"class_list":["post-27907","page","type-page","status-publish","has-post-thumbnail","hentry"],"acf":[],"yoast_head":"<!-- This site is optimized with the Yoast SEO Premium plugin v26.9 (Yoast SEO v26.9) - https:\/\/yoast.com\/product\/yoast-seo-premium-wordpress\/ -->\n<title>Emplacements pilotes | Banques alimentaires Canada<\/title>\n<meta name=\"description\" content=\"D\u00e9couvrez les emplacements pilotes de Banques alimentaires Canada et leur port\u00e9e dans les communaut\u00e9s partout au pays.\" \/>\n<meta name=\"robots\" content=\"noindex, follow, max-snippet:-1, max-image-preview:large, max-video-preview:-1\" \/>\n<meta property=\"og:locale\" content=\"fr_CA\" \/>\n<meta property=\"og:type\" content=\"article\" \/>\n<meta property=\"og:title\" content=\"Emplacements pilotes | Banques alimentaires Canada\" \/>\n<meta property=\"og:description\" content=\"D\u00e9couvrez les emplacements pilotes de Banques alimentaires Canada et leur port\u00e9e dans les communaut\u00e9s partout au pays.\" \/>\n<meta property=\"og:url\" content=\"https:\/\/dev.foodbankscanada.ca\/fr\/fonds-dequite-menstruelle\/emplacements-pilotes\/\" \/>\n<meta property=\"og:site_name\" content=\"Banques alimentaires Canada\" \/>\n<meta property=\"article:modified_time\" content=\"2026-04-18T20:24:55+00:00\" \/>\n<meta property=\"og:image\" content=\"https:\/\/content.foodbankscanada.ca\/wordpress\/2023\/11\/mef-banner-655e50a4da624.webp\" \/>\n<meta name=\"twitter:card\" content=\"summary_large_image\" \/>\n<meta name=\"twitter:title\" content=\"Emplacements pilotes | Banques alimentaires Canada\" \/>\n<meta name=\"twitter:description\" content=\"D\u00e9couvrez les emplacements pilotes de Banques alimentaires Canada et leur port\u00e9e dans les communaut\u00e9s partout au pays.\" \/>\n<meta name=\"twitter:image\" content=\"https:\/\/content.foodbankscanada.ca\/wordpress\/2023\/11\/mef-banner-655e50a4da624.webp\" \/>\n<script type=\"application\/ld+json\" class=\"yoast-schema-graph\">{\"@context\":\"https:\/\/schema.org\",\"@graph\":[{\"@type\":\"WebPage\",\"@id\":\"https:\/\/dev.foodbankscanada.ca\/fr\/fonds-dequite-menstruelle\/emplacements-pilotes\/\",\"url\":\"https:\/\/dev.foodbankscanada.ca\/fr\/fonds-dequite-menstruelle\/emplacements-pilotes\/\",\"name\":\"Emplacements pilotes | Banques alimentaires Canada\",\"isPartOf\":{\"@id\":\"https:\/\/dev.foodbankscanada.ca\/fr\/#website\"},\"primaryImageOfPage\":{\"@id\":\"https:\/\/dev.foodbankscanada.ca\/fr\/fonds-dequite-menstruelle\/emplacements-pilotes\/#primaryimage\"},\"image\":{\"@id\":\"https:\/\/dev.foodbankscanada.ca\/fr\/fonds-dequite-menstruelle\/emplacements-pilotes\/#primaryimage\"},\"thumbnailUrl\":\"https:\/\/content.foodbankscanada.ca\/wordpress\/2023\/11\/mef-banner-655e50a4da624.webp\",\"datePublished\":\"2023-11-22T19:36:43+00:00\",\"dateModified\":\"2026-04-18T20:24:55+00:00\",\"description\":\"D\u00e9couvrez les emplacements pilotes de Banques alimentaires Canada et leur port\u00e9e dans les communaut\u00e9s partout au pays.\",\"breadcrumb\":{\"@id\":\"https:\/\/dev.foodbankscanada.ca\/fr\/fonds-dequite-menstruelle\/emplacements-pilotes\/#breadcrumb\"},\"inLanguage\":\"fr-CA\",\"potentialAction\":[{\"@type\":\"ReadAction\",\"target\":[\"https:\/\/dev.foodbankscanada.ca\/fr\/fonds-dequite-menstruelle\/emplacements-pilotes\/\"]}]},{\"@type\":\"ImageObject\",\"inLanguage\":\"fr-CA\",\"@id\":\"https:\/\/dev.foodbankscanada.ca\/fr\/fonds-dequite-menstruelle\/emplacements-pilotes\/#primaryimage\",\"url\":\"https:\/\/content.foodbankscanada.ca\/wordpress\/2023\/11\/mef-banner-655e50a4da624.webp\",\"contentUrl\":\"https:\/\/content.foodbankscanada.ca\/wordpress\/2023\/11\/mef-banner-655e50a4da624.webp\",\"width\":2000,\"height\":1125},{\"@type\":\"BreadcrumbList\",\"@id\":\"https:\/\/dev.foodbankscanada.ca\/fr\/fonds-dequite-menstruelle\/emplacements-pilotes\/#breadcrumb\",\"itemListElement\":[{\"@type\":\"ListItem\",\"position\":1,\"name\":\"Accueil\",\"item\":\"https:\/\/dev.foodbankscanada.ca\/fr\/home\/\"},{\"@type\":\"ListItem\",\"position\":2,\"name\":\"Fonds d\u2019\u00e9quit\u00e9 menstruelle\",\"item\":\"https:\/\/dev.foodbankscanada.ca\/fr\/fonds-dequite-menstruelle\/\"},{\"@type\":\"ListItem\",\"position\":3,\"name\":\"Emplacements Pilotes\"}]},{\"@type\":\"WebSite\",\"@id\":\"https:\/\/dev.foodbankscanada.ca\/fr\/#website\",\"url\":\"https:\/\/dev.foodbankscanada.ca\/fr\/\",\"name\":\"Banques alimentaires Canada\",\"description\":\"\",\"publisher\":{\"@id\":\"https:\/\/dev.foodbankscanada.ca\/fr\/#organization\"},\"potentialAction\":[{\"@type\":\"SearchAction\",\"target\":{\"@type\":\"EntryPoint\",\"urlTemplate\":\"https:\/\/dev.foodbankscanada.ca\/fr\/?s={search_term_string}\"},\"query-input\":{\"@type\":\"PropertyValueSpecification\",\"valueRequired\":true,\"valueName\":\"search_term_string\"}}],\"inLanguage\":\"fr-CA\"},{\"@type\":\"Organization\",\"@id\":\"https:\/\/dev.foodbankscanada.ca\/fr\/#organization\",\"name\":\"Food Banks Canada\",\"url\":\"https:\/\/dev.foodbankscanada.ca\/fr\/\",\"logo\":{\"@type\":\"ImageObject\",\"inLanguage\":\"fr-CA\",\"@id\":\"https:\/\/dev.foodbankscanada.ca\/fr\/#\/schema\/logo\/image\/\",\"url\":\"https:\/\/fbcblobstorage.blob.core.windows.net\/wordpress\/2021\/11\/logo.png\",\"contentUrl\":\"https:\/\/fbcblobstorage.blob.core.windows.net\/wordpress\/2021\/11\/logo.png\",\"width\":377,\"height\":89,\"caption\":\"Food Banks Canada\"},\"image\":{\"@id\":\"https:\/\/dev.foodbankscanada.ca\/fr\/#\/schema\/logo\/image\/\"}}]}<\/script>\n<!-- \/ Yoast SEO Premium plugin. -->","yoast_head_json":{"title":"Emplacements pilotes | Banques alimentaires Canada","description":"D\u00e9couvrez les emplacements pilotes de Banques alimentaires Canada et leur port\u00e9e dans les communaut\u00e9s partout au pays.","robots":{"index":"noindex","follow":"follow","max-snippet":"max-snippet:-1","max-image-preview":"max-image-preview:large","max-video-preview":"max-video-preview:-1"},"og_locale":"fr_CA","og_type":"article","og_title":"Emplacements pilotes | Banques alimentaires Canada","og_description":"D\u00e9couvrez les emplacements pilotes de Banques alimentaires Canada et leur port\u00e9e dans les communaut\u00e9s partout au pays.","og_url":"https:\/\/dev.foodbankscanada.ca\/fr\/fonds-dequite-menstruelle\/emplacements-pilotes\/","og_site_name":"Banques alimentaires Canada","article_modified_time":"2026-04-18T20:24:55+00:00","og_image":[{"url":"https:\/\/content.foodbankscanada.ca\/wordpress\/2023\/11\/mef-banner-655e50a4da624.webp","type":"","width":"","height":""}],"twitter_card":"summary_large_image","twitter_title":"Emplacements pilotes | Banques alimentaires Canada","twitter_description":"D\u00e9couvrez les emplacements pilotes de Banques alimentaires Canada et leur port\u00e9e dans les communaut\u00e9s partout au pays.","twitter_image":"https:\/\/content.foodbankscanada.ca\/wordpress\/2023\/11\/mef-banner-655e50a4da624.webp","schema":{"@context":"https:\/\/schema.org","@graph":[{"@type":"WebPage","@id":"https:\/\/dev.foodbankscanada.ca\/fr\/fonds-dequite-menstruelle\/emplacements-pilotes\/","url":"https:\/\/dev.foodbankscanada.ca\/fr\/fonds-dequite-menstruelle\/emplacements-pilotes\/","name":"Emplacements pilotes | Banques alimentaires Canada","isPartOf":{"@id":"https:\/\/dev.foodbankscanada.ca\/fr\/#website"},"primaryImageOfPage":{"@id":"https:\/\/dev.foodbankscanada.ca\/fr\/fonds-dequite-menstruelle\/emplacements-pilotes\/#primaryimage"},"image":{"@id":"https:\/\/dev.foodbankscanada.ca\/fr\/fonds-dequite-menstruelle\/emplacements-pilotes\/#primaryimage"},"thumbnailUrl":"https:\/\/content.foodbankscanada.ca\/wordpress\/2023\/11\/mef-banner-655e50a4da624.webp","datePublished":"2023-11-22T19:36:43+00:00","dateModified":"2026-04-18T20:24:55+00:00","description":"D\u00e9couvrez les emplacements pilotes de Banques alimentaires Canada et leur port\u00e9e dans les communaut\u00e9s partout au pays.","breadcrumb":{"@id":"https:\/\/dev.foodbankscanada.ca\/fr\/fonds-dequite-menstruelle\/emplacements-pilotes\/#breadcrumb"},"inLanguage":"fr-CA","potentialAction":[{"@type":"ReadAction","target":["https:\/\/dev.foodbankscanada.ca\/fr\/fonds-dequite-menstruelle\/emplacements-pilotes\/"]}]},{"@type":"ImageObject","inLanguage":"fr-CA","@id":"https:\/\/dev.foodbankscanada.ca\/fr\/fonds-dequite-menstruelle\/emplacements-pilotes\/#primaryimage","url":"https:\/\/content.foodbankscanada.ca\/wordpress\/2023\/11\/mef-banner-655e50a4da624.webp","contentUrl":"https:\/\/content.foodbankscanada.ca\/wordpress\/2023\/11\/mef-banner-655e50a4da624.webp","width":2000,"height":1125},{"@type":"BreadcrumbList","@id":"https:\/\/dev.foodbankscanada.ca\/fr\/fonds-dequite-menstruelle\/emplacements-pilotes\/#breadcrumb","itemListElement":[{"@type":"ListItem","position":1,"name":"Accueil","item":"https:\/\/dev.foodbankscanada.ca\/fr\/home\/"},{"@type":"ListItem","position":2,"name":"Fonds d\u2019\u00e9quit\u00e9 menstruelle","item":"https:\/\/dev.foodbankscanada.ca\/fr\/fonds-dequite-menstruelle\/"},{"@type":"ListItem","position":3,"name":"Emplacements Pilotes"}]},{"@type":"WebSite","@id":"https:\/\/dev.foodbankscanada.ca\/fr\/#website","url":"https:\/\/dev.foodbankscanada.ca\/fr\/","name":"Banques alimentaires Canada","description":"","publisher":{"@id":"https:\/\/dev.foodbankscanada.ca\/fr\/#organization"},"potentialAction":[{"@type":"SearchAction","target":{"@type":"EntryPoint","urlTemplate":"https:\/\/dev.foodbankscanada.ca\/fr\/?s={search_term_string}"},"query-input":{"@type":"PropertyValueSpecification","valueRequired":true,"valueName":"search_term_string"}}],"inLanguage":"fr-CA"},{"@type":"Organization","@id":"https:\/\/dev.foodbankscanada.ca\/fr\/#organization","name":"Food Banks Canada","url":"https:\/\/dev.foodbankscanada.ca\/fr\/","logo":{"@type":"ImageObject","inLanguage":"fr-CA","@id":"https:\/\/dev.foodbankscanada.ca\/fr\/#\/schema\/logo\/image\/","url":"https:\/\/fbcblobstorage.blob.core.windows.net\/wordpress\/2021\/11\/logo.png","contentUrl":"https:\/\/fbcblobstorage.blob.core.windows.net\/wordpress\/2021\/11\/logo.png","width":377,"height":89,"caption":"Food Banks Canada"},"image":{"@id":"https:\/\/dev.foodbankscanada.ca\/fr\/#\/schema\/logo\/image\/"}}]}},"_links":{"self":[{"href":"https:\/\/dev.foodbankscanada.ca\/fr\/wp-json\/wp\/v2\/pages\/27907","targetHints":{"allow":["GET"]}}],"collection":[{"href":"https:\/\/dev.foodbankscanada.ca\/fr\/wp-json\/wp\/v2\/pages"}],"about":[{"href":"https:\/\/dev.foodbankscanada.ca\/fr\/wp-json\/wp\/v2\/types\/page"}],"author":[{"embeddable":true,"href":"https:\/\/dev.foodbankscanada.ca\/fr\/wp-json\/wp\/v2\/users\/33"}],"replies":[{"embeddable":true,"href":"https:\/\/dev.foodbankscanada.ca\/fr\/wp-json\/wp\/v2\/comments?post=27907"}],"version-history":[{"count":23,"href":"https:\/\/dev.foodbankscanada.ca\/fr\/wp-json\/wp\/v2\/pages\/27907\/revisions"}],"predecessor-version":[{"id":46263,"href":"https:\/\/dev.foodbankscanada.ca\/fr\/wp-json\/wp\/v2\/pages\/27907\/revisions\/46263"}],"up":[{"embeddable":true,"href":"https:\/\/dev.foodbankscanada.ca\/fr\/wp-json\/wp\/v2\/pages\/27897"}],"wp:featuredmedia":[{"embeddable":true,"href":"https:\/\/dev.foodbankscanada.ca\/fr\/wp-json\/wp\/v2\/media\/27876"}],"wp:attachment":[{"href":"https:\/\/dev.foodbankscanada.ca\/fr\/wp-json\/wp\/v2\/media?parent=27907"}],"wp:term":[{"taxonomy":"category","embeddable":true,"href":"https:\/\/dev.foodbankscanada.ca\/fr\/wp-json\/wp\/v2\/categories?post=27907"},{"taxonomy":"post_tag","embeddable":true,"href":"https:\/\/dev.foodbankscanada.ca\/fr\/wp-json\/wp\/v2\/tags?post=27907"}],"curies":[{"name":"wp","href":"https:\/\/api.w.org\/{rel}","templated":true}]}}