{"id":27923,"date":"2023-11-22T15:10:55","date_gmt":"2023-11-22T20:10:55","guid":{"rendered":"https:\/\/foodbankscanada.ca\/?page_id=27923"},"modified":"2026-04-18T16:24:19","modified_gmt":"2026-04-18T20:24:19","slug":"apercu-du-financement","status":"publish","type":"page","link":"https:\/\/dev.foodbankscanada.ca\/fr\/fonds-dequite-menstruelle\/apercu-du-financement\/","title":{"rendered":"Aper\u00e7u du Financement"},"content":{"rendered":"\n<h3 class=\"wp-block-heading mt-md-4 mb-lg-1\">Voyez comment le Fonds d\u2019\u00e9quit\u00e9 menstruelle de\u00a0<strong>27,9<\/strong>\u00a0M$ est utilis\u00e9:<\/h3>\n\n\n<section class=\" block block-stat-bars stat-bars mt-4 aligndefault\" style=\"\">\n      <div class=\"w-100 d-flex align-items-stretch wrapper  mt-0  \" style=\"background-color:#faddb5;\">\n      <div class=\"left d-flex align-items-center \" style=\"width:60%; background-color:#292a8a; color:#FFFFFF;\">\n      <div class=\"d-flex align-items-center fw-bold px-2 px-md-4 py-2\" style=\"font-size: clamp(1rem, 3vw, 1.5rem)\"> Achat et distribution de produits menstruels<\/div>\n\n      <\/div>\n      <div class=\"right d-flex align-items-center\" style=\"width:40%;\">\n        <div class=\"d-flex align-items-center fw-bold me-2 ms-auto px-1 px-md-4 py-2\" style=\"font-size: clamp(1rem, 3vw, 1.5rem); overflow-wrap: anywhere;\">$23,216,478<\/div>\n\n      <\/div>\n    <\/div>      \n      <div class=\"w-100 d-flex align-items-stretch wrapper  mt-3  \" style=\"background-color:#faddb5;\">\n      <div class=\"left d-flex align-items-center \" style=\"width:63%; background-color:#292a8a; color:#FFFFFF;\">\n      <div class=\"d-flex align-items-center fw-bold px-2 px-md-4 py-2\" style=\"font-size: clamp(1rem, 3vw, 1.5rem)\"> Expansion des activit\u00e9s d\u2019\u00e9ducation et de sensibilisation <\/div>\n\n      <\/div>\n      <div class=\"right d-flex align-items-center\" style=\"width:37%;\">\n        <div class=\"d-flex align-items-center fw-bold me-2 ms-auto px-1 px-md-4 py-2\" style=\"font-size: clamp(1rem, 3vw, 1.5rem); overflow-wrap: anywhere;\">$3,499,689<\/div>\n\n      <\/div>\n    <\/div>      \n      <div class=\"w-100 d-flex align-items-stretch wrapper  mt-3  \" style=\"background-color:#faddb5;\">\n      <div class=\"left d-flex align-items-center \" style=\"width:68%; background-color:#292a8a; color:#FFFFFF;\">\n      <div class=\"d-flex align-items-center fw-bold px-2 px-md-4 py-2\" style=\"font-size: clamp(1rem, 3vw, 1.5rem)\"> Co\u00fbts de distribution des produits pour les emplacements pilotes<\/div>\n\n      <\/div>\n      <div class=\"right d-flex align-items-center\" style=\"width:32%;\">\n        <div class=\"d-flex align-items-center fw-bold me-2 ms-auto px-1 px-md-4 py-2\" style=\"font-size:clamp(1rem, 3vw, 1.5rem); overflow-wrap:anywhere\">$900,840\n<\/div>\n\n      <\/div>\n    <\/div>      \n      <div class=\"w-100 d-flex align-items-stretch wrapper  mt-3  \" style=\"background-color:#faddb5;\">\n      <div class=\"left d-flex align-items-center \" style=\"width:70%; background-color:#292a8a; color:#FFFFFF;\">\n      <div class=\"d-flex align-items-center fw-bold px-2 px-md-4 py-2\" style=\"font-size: clamp(1rem, 3vw, 1.5rem)\"> Co\u00fbts d\u2019ex\u00e9cution et d\u2019administration du programme de Banques alimentaires Canada<\/div>\n\n      <\/div>\n      <div class=\"right d-flex align-items-center\" style=\"width:30%;\">\n        <div class=\"d-flex align-items-center fw-bold me-2 ms-auto px-1 px-md-4 py-2\" style=\"font-size: clamp(1rem, 3vw, 1.5rem); overflow-wrap: anywhere;\">$282,993<\/div>\n\n      <\/div>\n    <\/div>      \n  <\/section>\n\n\n<div class=\"ms-auto me-0 align-items-center\" style=\"width: 25%;min-width:min(40vw, 200px); position:relative; margin-top: 1rem\"> \n<div class=\"d-flex align-items-center\" style=\"background-color: #fec325; border-radius: 10px; height: 70px\">\n<div class=\"fw-bold me-2 ms-auto px-1 px-md-4 py-2\" style=\"font-size:clamp(1rem, 3vw, 1.5rem); overflow-wrap:anywhere;text-align: end;\">$27,900,000\n<\/div> \n<\/div>\n<\/div>\n\n\n\n<p style=\"width: 25%;min-width:min(40vw, 200px);\" class=\"mt-3 me-2 ms-auto has-text-align-right\">La r\u00e9partition du financement est susceptible de changer \u00e0 mesure que le programme progresse.<\/p>\n\n\n\n<div style=\"height:100px\" aria-hidden=\"true\" class=\"wp-block-spacer\"><\/div>\n\n\n\n<div class=\"d-flex justify-content-end mb-4\">\n  <div style=\"max-width:466px; width:75%\"; min-width:300px;  >\n    <img decoding=\"async\" src=\"https:\/\/content.foodbankscanada.ca\/wordpress\/2023\/11\/wage-logo-full.webp\" height=\"auto\" width=\"100%\" style=\"max-width: 466px;\" data-pagespeed-url-hash=\"3464753464\" onload=\"pagespeed.CriticalImages.checkImageForCriticality(this);\">\n  <\/div>\n<\/div>\n","protected":false},"excerpt":{"rendered":"<p>Aper\u00e7u du financement du Fonds d\u2019\u00e9quit\u00e9 menstruelle de 27,9 M$, incluant la r\u00e9partition entre produits menstruels, \u00e9ducation, distribution et administration.<\/p>\n","protected":false},"author":33,"featured_media":0,"parent":27897,"menu_order":3,"comment_status":"closed","ping_status":"closed","template":"","meta":{"_acf_changed":false,"_yoast_wpseo_focuskw":"Fonds d\u2019\u00e9quit\u00e9 menstruelle","_yoast_wpseo_title":"Fonds d\u2019\u00e9quit\u00e9 menstruelle : aper\u00e7u du financement","_yoast_wpseo_metadesc":"D\u00e9couvrez comment le Fonds d\u2019\u00e9quit\u00e9 menstruelle de 27,9 M$ est r\u00e9parti entre produits menstruels, \u00e9ducation et distribution.","_yoast_wpseo_opengraph-title":"Fonds d\u2019\u00e9quit\u00e9 menstruelle : aper\u00e7u du financement","_yoast_wpseo_opengraph-description":"D\u00e9couvrez comment le Fonds d\u2019\u00e9quit\u00e9 menstruelle de 27,9 M$ est r\u00e9parti entre produits menstruels, \u00e9ducation et distribution.","_yoast_wpseo_opengraph-image":"https:\/\/content.foodbankscanada.ca\/wordpress\/2023\/11\/wage-logo-full.webp","_yoast_wpseo_opengraph-image-id":"","_yoast_wpseo_twitter-title":"Fonds d\u2019\u00e9quit\u00e9 menstruelle : aper\u00e7u du financement","_yoast_wpseo_twitter-description":"D\u00e9couvrez comment le Fonds d\u2019\u00e9quit\u00e9 menstruelle de 27,9 M$ est r\u00e9parti entre produits menstruels, \u00e9ducation et distribution.","_yoast_wpseo_twitter-image":"https:\/\/content.foodbankscanada.ca\/wordpress\/2023\/11\/wage-logo-full.webp","_yoast_wpseo_twitter-image-id":"","footnotes":""},"categories":[],"tags":[],"class_list":["post-27923","page","type-page","status-publish","hentry"],"acf":[],"yoast_head":"<!-- This site is optimized with the Yoast SEO Premium plugin v26.9 (Yoast SEO v26.9) - https:\/\/yoast.com\/product\/yoast-seo-premium-wordpress\/ -->\n<title>Fonds d\u2019\u00e9quit\u00e9 menstruelle : aper\u00e7u du financement<\/title>\n<meta name=\"description\" content=\"D\u00e9couvrez comment le Fonds d\u2019\u00e9quit\u00e9 menstruelle de 27,9 M$ est r\u00e9parti entre produits menstruels, \u00e9ducation et distribution.\" \/>\n<meta name=\"robots\" content=\"noindex, follow, max-snippet:-1, max-image-preview:large, max-video-preview:-1\" \/>\n<meta property=\"og:locale\" content=\"fr_CA\" \/>\n<meta property=\"og:type\" content=\"article\" \/>\n<meta property=\"og:title\" content=\"Fonds d\u2019\u00e9quit\u00e9 menstruelle : aper\u00e7u du financement\" \/>\n<meta property=\"og:description\" content=\"D\u00e9couvrez comment le Fonds d\u2019\u00e9quit\u00e9 menstruelle de 27,9 M$ est r\u00e9parti entre produits menstruels, \u00e9ducation et distribution.\" \/>\n<meta property=\"og:url\" content=\"https:\/\/dev.foodbankscanada.ca\/fr\/fonds-dequite-menstruelle\/apercu-du-financement\/\" \/>\n<meta property=\"og:site_name\" content=\"Banques alimentaires Canada\" \/>\n<meta property=\"article:modified_time\" content=\"2026-04-18T20:24:19+00:00\" \/>\n<meta property=\"og:image\" content=\"https:\/\/content.foodbankscanada.ca\/wordpress\/2023\/11\/wage-logo-full.webp\" \/>\n<meta name=\"twitter:card\" content=\"summary_large_image\" \/>\n<meta name=\"twitter:title\" content=\"Fonds d\u2019\u00e9quit\u00e9 menstruelle : aper\u00e7u du financement\" \/>\n<meta name=\"twitter:description\" content=\"D\u00e9couvrez comment le Fonds d\u2019\u00e9quit\u00e9 menstruelle de 27,9 M$ est r\u00e9parti entre produits menstruels, \u00e9ducation et distribution.\" \/>\n<meta name=\"twitter:image\" content=\"https:\/\/content.foodbankscanada.ca\/wordpress\/2023\/11\/wage-logo-full.webp\" \/>\n<script type=\"application\/ld+json\" class=\"yoast-schema-graph\">{\"@context\":\"https:\/\/schema.org\",\"@graph\":[{\"@type\":\"WebPage\",\"@id\":\"https:\/\/dev.foodbankscanada.ca\/fr\/fonds-dequite-menstruelle\/apercu-du-financement\/\",\"url\":\"https:\/\/dev.foodbankscanada.ca\/fr\/fonds-dequite-menstruelle\/apercu-du-financement\/\",\"name\":\"Fonds d\u2019\u00e9quit\u00e9 menstruelle : aper\u00e7u du financement\",\"isPartOf\":{\"@id\":\"https:\/\/dev.foodbankscanada.ca\/fr\/#website\"},\"primaryImageOfPage\":{\"@id\":\"https:\/\/dev.foodbankscanada.ca\/fr\/fonds-dequite-menstruelle\/apercu-du-financement\/#primaryimage\"},\"image\":{\"@id\":\"https:\/\/dev.foodbankscanada.ca\/fr\/fonds-dequite-menstruelle\/apercu-du-financement\/#primaryimage\"},\"thumbnailUrl\":\"https:\/\/fbcblobstorage.blob.core.windows.net\/wordpress\/2023\/11\/wage-logo-full.webp\",\"datePublished\":\"2023-11-22T20:10:55+00:00\",\"dateModified\":\"2026-04-18T20:24:19+00:00\",\"description\":\"D\u00e9couvrez comment le Fonds d\u2019\u00e9quit\u00e9 menstruelle de 27,9 M$ est r\u00e9parti entre produits menstruels, \u00e9ducation et distribution.\",\"breadcrumb\":{\"@id\":\"https:\/\/dev.foodbankscanada.ca\/fr\/fonds-dequite-menstruelle\/apercu-du-financement\/#breadcrumb\"},\"inLanguage\":\"fr-CA\",\"potentialAction\":[{\"@type\":\"ReadAction\",\"target\":[\"https:\/\/dev.foodbankscanada.ca\/fr\/fonds-dequite-menstruelle\/apercu-du-financement\/\"]}]},{\"@type\":\"ImageObject\",\"inLanguage\":\"fr-CA\",\"@id\":\"https:\/\/dev.foodbankscanada.ca\/fr\/fonds-dequite-menstruelle\/apercu-du-financement\/#primaryimage\",\"url\":\"https:\/\/fbcblobstorage.blob.core.windows.net\/wordpress\/2023\/11\/wage-logo-full.webp\",\"contentUrl\":\"https:\/\/fbcblobstorage.blob.core.windows.net\/wordpress\/2023\/11\/wage-logo-full.webp\"},{\"@type\":\"BreadcrumbList\",\"@id\":\"https:\/\/dev.foodbankscanada.ca\/fr\/fonds-dequite-menstruelle\/apercu-du-financement\/#breadcrumb\",\"itemListElement\":[{\"@type\":\"ListItem\",\"position\":1,\"name\":\"Accueil\",\"item\":\"https:\/\/dev.foodbankscanada.ca\/fr\/home\/\"},{\"@type\":\"ListItem\",\"position\":2,\"name\":\"Fonds d\u2019\u00e9quit\u00e9 menstruelle\",\"item\":\"https:\/\/dev.foodbankscanada.ca\/fr\/fonds-dequite-menstruelle\/\"},{\"@type\":\"ListItem\",\"position\":3,\"name\":\"Aper\u00e7u du Financement\"}]},{\"@type\":\"WebSite\",\"@id\":\"https:\/\/dev.foodbankscanada.ca\/fr\/#website\",\"url\":\"https:\/\/dev.foodbankscanada.ca\/fr\/\",\"name\":\"Banques alimentaires Canada\",\"description\":\"\",\"publisher\":{\"@id\":\"https:\/\/dev.foodbankscanada.ca\/fr\/#organization\"},\"potentialAction\":[{\"@type\":\"SearchAction\",\"target\":{\"@type\":\"EntryPoint\",\"urlTemplate\":\"https:\/\/dev.foodbankscanada.ca\/fr\/?s={search_term_string}\"},\"query-input\":{\"@type\":\"PropertyValueSpecification\",\"valueRequired\":true,\"valueName\":\"search_term_string\"}}],\"inLanguage\":\"fr-CA\"},{\"@type\":\"Organization\",\"@id\":\"https:\/\/dev.foodbankscanada.ca\/fr\/#organization\",\"name\":\"Food Banks Canada\",\"url\":\"https:\/\/dev.foodbankscanada.ca\/fr\/\",\"logo\":{\"@type\":\"ImageObject\",\"inLanguage\":\"fr-CA\",\"@id\":\"https:\/\/dev.foodbankscanada.ca\/fr\/#\/schema\/logo\/image\/\",\"url\":\"https:\/\/fbcblobstorage.blob.core.windows.net\/wordpress\/2021\/11\/logo.png\",\"contentUrl\":\"https:\/\/fbcblobstorage.blob.core.windows.net\/wordpress\/2021\/11\/logo.png\",\"width\":377,\"height\":89,\"caption\":\"Food Banks Canada\"},\"image\":{\"@id\":\"https:\/\/dev.foodbankscanada.ca\/fr\/#\/schema\/logo\/image\/\"}}]}<\/script>\n<!-- \/ Yoast SEO Premium plugin. -->","yoast_head_json":{"title":"Fonds d\u2019\u00e9quit\u00e9 menstruelle : aper\u00e7u du financement","description":"D\u00e9couvrez comment le Fonds d\u2019\u00e9quit\u00e9 menstruelle de 27,9 M$ est r\u00e9parti entre produits menstruels, \u00e9ducation et distribution.","robots":{"index":"noindex","follow":"follow","max-snippet":"max-snippet:-1","max-image-preview":"max-image-preview:large","max-video-preview":"max-video-preview:-1"},"og_locale":"fr_CA","og_type":"article","og_title":"Fonds d\u2019\u00e9quit\u00e9 menstruelle : aper\u00e7u du financement","og_description":"D\u00e9couvrez comment le Fonds d\u2019\u00e9quit\u00e9 menstruelle de 27,9 M$ est r\u00e9parti entre produits menstruels, \u00e9ducation et distribution.","og_url":"https:\/\/dev.foodbankscanada.ca\/fr\/fonds-dequite-menstruelle\/apercu-du-financement\/","og_site_name":"Banques alimentaires Canada","article_modified_time":"2026-04-18T20:24:19+00:00","og_image":[{"url":"https:\/\/content.foodbankscanada.ca\/wordpress\/2023\/11\/wage-logo-full.webp","type":"","width":"","height":""}],"twitter_card":"summary_large_image","twitter_title":"Fonds d\u2019\u00e9quit\u00e9 menstruelle : aper\u00e7u du financement","twitter_description":"D\u00e9couvrez comment le Fonds d\u2019\u00e9quit\u00e9 menstruelle de 27,9 M$ est r\u00e9parti entre produits menstruels, \u00e9ducation et distribution.","twitter_image":"https:\/\/content.foodbankscanada.ca\/wordpress\/2023\/11\/wage-logo-full.webp","schema":{"@context":"https:\/\/schema.org","@graph":[{"@type":"WebPage","@id":"https:\/\/dev.foodbankscanada.ca\/fr\/fonds-dequite-menstruelle\/apercu-du-financement\/","url":"https:\/\/dev.foodbankscanada.ca\/fr\/fonds-dequite-menstruelle\/apercu-du-financement\/","name":"Fonds d\u2019\u00e9quit\u00e9 menstruelle : aper\u00e7u du financement","isPartOf":{"@id":"https:\/\/dev.foodbankscanada.ca\/fr\/#website"},"primaryImageOfPage":{"@id":"https:\/\/dev.foodbankscanada.ca\/fr\/fonds-dequite-menstruelle\/apercu-du-financement\/#primaryimage"},"image":{"@id":"https:\/\/dev.foodbankscanada.ca\/fr\/fonds-dequite-menstruelle\/apercu-du-financement\/#primaryimage"},"thumbnailUrl":"https:\/\/fbcblobstorage.blob.core.windows.net\/wordpress\/2023\/11\/wage-logo-full.webp","datePublished":"2023-11-22T20:10:55+00:00","dateModified":"2026-04-18T20:24:19+00:00","description":"D\u00e9couvrez comment le Fonds d\u2019\u00e9quit\u00e9 menstruelle de 27,9 M$ est r\u00e9parti entre produits menstruels, \u00e9ducation et distribution.","breadcrumb":{"@id":"https:\/\/dev.foodbankscanada.ca\/fr\/fonds-dequite-menstruelle\/apercu-du-financement\/#breadcrumb"},"inLanguage":"fr-CA","potentialAction":[{"@type":"ReadAction","target":["https:\/\/dev.foodbankscanada.ca\/fr\/fonds-dequite-menstruelle\/apercu-du-financement\/"]}]},{"@type":"ImageObject","inLanguage":"fr-CA","@id":"https:\/\/dev.foodbankscanada.ca\/fr\/fonds-dequite-menstruelle\/apercu-du-financement\/#primaryimage","url":"https:\/\/fbcblobstorage.blob.core.windows.net\/wordpress\/2023\/11\/wage-logo-full.webp","contentUrl":"https:\/\/fbcblobstorage.blob.core.windows.net\/wordpress\/2023\/11\/wage-logo-full.webp"},{"@type":"BreadcrumbList","@id":"https:\/\/dev.foodbankscanada.ca\/fr\/fonds-dequite-menstruelle\/apercu-du-financement\/#breadcrumb","itemListElement":[{"@type":"ListItem","position":1,"name":"Accueil","item":"https:\/\/dev.foodbankscanada.ca\/fr\/home\/"},{"@type":"ListItem","position":2,"name":"Fonds d\u2019\u00e9quit\u00e9 menstruelle","item":"https:\/\/dev.foodbankscanada.ca\/fr\/fonds-dequite-menstruelle\/"},{"@type":"ListItem","position":3,"name":"Aper\u00e7u du Financement"}]},{"@type":"WebSite","@id":"https:\/\/dev.foodbankscanada.ca\/fr\/#website","url":"https:\/\/dev.foodbankscanada.ca\/fr\/","name":"Banques alimentaires Canada","description":"","publisher":{"@id":"https:\/\/dev.foodbankscanada.ca\/fr\/#organization"},"potentialAction":[{"@type":"SearchAction","target":{"@type":"EntryPoint","urlTemplate":"https:\/\/dev.foodbankscanada.ca\/fr\/?s={search_term_string}"},"query-input":{"@type":"PropertyValueSpecification","valueRequired":true,"valueName":"search_term_string"}}],"inLanguage":"fr-CA"},{"@type":"Organization","@id":"https:\/\/dev.foodbankscanada.ca\/fr\/#organization","name":"Food Banks Canada","url":"https:\/\/dev.foodbankscanada.ca\/fr\/","logo":{"@type":"ImageObject","inLanguage":"fr-CA","@id":"https:\/\/dev.foodbankscanada.ca\/fr\/#\/schema\/logo\/image\/","url":"https:\/\/fbcblobstorage.blob.core.windows.net\/wordpress\/2021\/11\/logo.png","contentUrl":"https:\/\/fbcblobstorage.blob.core.windows.net\/wordpress\/2021\/11\/logo.png","width":377,"height":89,"caption":"Food Banks Canada"},"image":{"@id":"https:\/\/dev.foodbankscanada.ca\/fr\/#\/schema\/logo\/image\/"}}]}},"_links":{"self":[{"href":"https:\/\/dev.foodbankscanada.ca\/fr\/wp-json\/wp\/v2\/pages\/27923","targetHints":{"allow":["GET"]}}],"collection":[{"href":"https:\/\/dev.foodbankscanada.ca\/fr\/wp-json\/wp\/v2\/pages"}],"about":[{"href":"https:\/\/dev.foodbankscanada.ca\/fr\/wp-json\/wp\/v2\/types\/page"}],"author":[{"embeddable":true,"href":"https:\/\/dev.foodbankscanada.ca\/fr\/wp-json\/wp\/v2\/users\/33"}],"replies":[{"embeddable":true,"href":"https:\/\/dev.foodbankscanada.ca\/fr\/wp-json\/wp\/v2\/comments?post=27923"}],"version-history":[{"count":28,"href":"https:\/\/dev.foodbankscanada.ca\/fr\/wp-json\/wp\/v2\/pages\/27923\/revisions"}],"predecessor-version":[{"id":46258,"href":"https:\/\/dev.foodbankscanada.ca\/fr\/wp-json\/wp\/v2\/pages\/27923\/revisions\/46258"}],"up":[{"embeddable":true,"href":"https:\/\/dev.foodbankscanada.ca\/fr\/wp-json\/wp\/v2\/pages\/27897"}],"wp:attachment":[{"href":"https:\/\/dev.foodbankscanada.ca\/fr\/wp-json\/wp\/v2\/media?parent=27923"}],"wp:term":[{"taxonomy":"category","embeddable":true,"href":"https:\/\/dev.foodbankscanada.ca\/fr\/wp-json\/wp\/v2\/categories?post=27923"},{"taxonomy":"post_tag","embeddable":true,"href":"https:\/\/dev.foodbankscanada.ca\/fr\/wp-json\/wp\/v2\/tags?post=27923"}],"curies":[{"name":"wp","href":"https:\/\/api.w.org\/{rel}","templated":true}]}}