{"id":32505,"date":"2024-05-17T12:19:28","date_gmt":"2024-05-17T16:19:28","guid":{"rendered":"https:\/\/foodbankscanada.ca\/?page_id=32505"},"modified":"2026-04-18T16:23:42","modified_gmt":"2026-04-18T20:23:42","slug":"fiches-de-rendement-sur-la-pauvrete","status":"publish","type":"page","link":"https:\/\/dev.foodbankscanada.ca\/fr\/fiches-de-rendement-sur-la-pauvrete\/","title":{"rendered":"Fiches de Rendement sur la pauvret\u00e9"},"content":{"rendered":"","protected":false},"excerpt":{"rendered":"<p>Les fiches de rendement sur la pauvret\u00e9 pr\u00e9sentent les donn\u00e9es, tendances et enjeux cl\u00e9s de la pauvret\u00e9 au Canada.<\/p>\n","protected":false},"author":33,"featured_media":26636,"parent":0,"menu_order":21,"comment_status":"closed","ping_status":"closed","template":"poverty-index-map-v2.blade.php","meta":{"_acf_changed":false,"_yoast_wpseo_focuskw":"fiches de rendement sur la pauvret\u00e9","_yoast_wpseo_title":"Fiches de rendement sur la pauvret\u00e9 | Canada","_yoast_wpseo_metadesc":"Consultez les fiches de rendement sur la pauvret\u00e9 au Canada et d\u00e9couvrez les tendances, donn\u00e9es et enjeux li\u00e9s \u00e0 la pauvret\u00e9.","_yoast_wpseo_opengraph-title":"Fiches de rendement sur la pauvret\u00e9 | Canada","_yoast_wpseo_opengraph-description":"Consultez les fiches de rendement sur la pauvret\u00e9 au Canada et d\u00e9couvrez les tendances, donn\u00e9es et enjeux li\u00e9s \u00e0 la pauvret\u00e9.","_yoast_wpseo_opengraph-image":"https:\/\/content.foodbankscanada.ca\/wordpress\/2023\/09\/Untitled-design-5.png","_yoast_wpseo_opengraph-image-id":"","_yoast_wpseo_twitter-title":"Fiches de rendement sur la pauvret\u00e9 | Canada","_yoast_wpseo_twitter-description":"Consultez les fiches de rendement sur la pauvret\u00e9 au Canada et d\u00e9couvrez les tendances, donn\u00e9es et enjeux li\u00e9s \u00e0 la pauvret\u00e9.","_yoast_wpseo_twitter-image":"https:\/\/content.foodbankscanada.ca\/wordpress\/2023\/09\/Untitled-design-5.png","_yoast_wpseo_twitter-image-id":"","footnotes":""},"categories":[],"tags":[],"class_list":["post-32505","page","type-page","status-publish","has-post-thumbnail","hentry"],"acf":[],"yoast_head":"<!-- This site is optimized with the Yoast SEO Premium plugin v26.9 (Yoast SEO v26.9) - https:\/\/yoast.com\/product\/yoast-seo-premium-wordpress\/ -->\n<title>Fiches de rendement sur la pauvret\u00e9 | Canada<\/title>\n<meta name=\"description\" content=\"Consultez les fiches de rendement sur la pauvret\u00e9 au Canada et d\u00e9couvrez les tendances, donn\u00e9es et enjeux li\u00e9s \u00e0 la pauvret\u00e9.\" \/>\n<meta name=\"robots\" content=\"noindex, follow, max-snippet:-1, max-image-preview:large, max-video-preview:-1\" \/>\n<meta property=\"og:locale\" content=\"fr_CA\" \/>\n<meta property=\"og:type\" content=\"article\" \/>\n<meta property=\"og:title\" content=\"Fiches de rendement sur la pauvret\u00e9 | Canada\" \/>\n<meta property=\"og:description\" content=\"Consultez les fiches de rendement sur la pauvret\u00e9 au Canada et d\u00e9couvrez les tendances, donn\u00e9es et enjeux li\u00e9s \u00e0 la pauvret\u00e9.\" \/>\n<meta property=\"og:url\" content=\"https:\/\/dev.foodbankscanada.ca\/fr\/fiches-de-rendement-sur-la-pauvrete\/\" \/>\n<meta property=\"og:site_name\" content=\"Banques alimentaires Canada\" \/>\n<meta property=\"article:modified_time\" content=\"2026-04-18T20:23:42+00:00\" \/>\n<meta property=\"og:image\" content=\"https:\/\/content.foodbankscanada.ca\/wordpress\/2023\/09\/Untitled-design-5.png\" \/>\n<meta name=\"twitter:card\" content=\"summary_large_image\" \/>\n<meta name=\"twitter:title\" content=\"Fiches de rendement sur la pauvret\u00e9 | Canada\" \/>\n<meta name=\"twitter:description\" content=\"Consultez les fiches de rendement sur la pauvret\u00e9 au Canada et d\u00e9couvrez les tendances, donn\u00e9es et enjeux li\u00e9s \u00e0 la pauvret\u00e9.\" \/>\n<meta name=\"twitter:image\" content=\"https:\/\/content.foodbankscanada.ca\/wordpress\/2023\/09\/Untitled-design-5.png\" \/>\n<script type=\"application\/ld+json\" class=\"yoast-schema-graph\">{\"@context\":\"https:\/\/schema.org\",\"@graph\":[{\"@type\":\"WebPage\",\"@id\":\"https:\/\/dev.foodbankscanada.ca\/fr\/fiches-de-rendement-sur-la-pauvrete\/\",\"url\":\"https:\/\/dev.foodbankscanada.ca\/fr\/fiches-de-rendement-sur-la-pauvrete\/\",\"name\":\"Fiches de rendement sur la pauvret\u00e9 | Canada\",\"isPartOf\":{\"@id\":\"https:\/\/dev.foodbankscanada.ca\/fr\/#website\"},\"primaryImageOfPage\":{\"@id\":\"https:\/\/dev.foodbankscanada.ca\/fr\/fiches-de-rendement-sur-la-pauvrete\/#primaryimage\"},\"image\":{\"@id\":\"https:\/\/dev.foodbankscanada.ca\/fr\/fiches-de-rendement-sur-la-pauvrete\/#primaryimage\"},\"thumbnailUrl\":\"https:\/\/content.foodbankscanada.ca\/wordpress\/2023\/09\/Untitled-design-5.png\",\"datePublished\":\"2024-05-17T16:19:28+00:00\",\"dateModified\":\"2026-04-18T20:23:42+00:00\",\"description\":\"Consultez les fiches de rendement sur la pauvret\u00e9 au Canada et d\u00e9couvrez les tendances, donn\u00e9es et enjeux li\u00e9s \u00e0 la pauvret\u00e9.\",\"breadcrumb\":{\"@id\":\"https:\/\/dev.foodbankscanada.ca\/fr\/fiches-de-rendement-sur-la-pauvrete\/#breadcrumb\"},\"inLanguage\":\"fr-CA\",\"potentialAction\":[{\"@type\":\"ReadAction\",\"target\":[\"https:\/\/dev.foodbankscanada.ca\/fr\/fiches-de-rendement-sur-la-pauvrete\/\"]}]},{\"@type\":\"ImageObject\",\"inLanguage\":\"fr-CA\",\"@id\":\"https:\/\/dev.foodbankscanada.ca\/fr\/fiches-de-rendement-sur-la-pauvrete\/#primaryimage\",\"url\":\"https:\/\/content.foodbankscanada.ca\/wordpress\/2023\/09\/Untitled-design-5.png\",\"contentUrl\":\"https:\/\/content.foodbankscanada.ca\/wordpress\/2023\/09\/Untitled-design-5.png\",\"width\":500,\"height\":500,\"caption\":\"Poverty Report Card logo\"},{\"@type\":\"BreadcrumbList\",\"@id\":\"https:\/\/dev.foodbankscanada.ca\/fr\/fiches-de-rendement-sur-la-pauvrete\/#breadcrumb\",\"itemListElement\":[{\"@type\":\"ListItem\",\"position\":1,\"name\":\"Accueil\",\"item\":\"https:\/\/dev.foodbankscanada.ca\/fr\/home\/\"},{\"@type\":\"ListItem\",\"position\":2,\"name\":\"Fiches de Rendement sur la pauvret\u00e9\"}]},{\"@type\":\"WebSite\",\"@id\":\"https:\/\/dev.foodbankscanada.ca\/fr\/#website\",\"url\":\"https:\/\/dev.foodbankscanada.ca\/fr\/\",\"name\":\"Banques alimentaires Canada\",\"description\":\"\",\"publisher\":{\"@id\":\"https:\/\/dev.foodbankscanada.ca\/fr\/#organization\"},\"potentialAction\":[{\"@type\":\"SearchAction\",\"target\":{\"@type\":\"EntryPoint\",\"urlTemplate\":\"https:\/\/dev.foodbankscanada.ca\/fr\/?s={search_term_string}\"},\"query-input\":{\"@type\":\"PropertyValueSpecification\",\"valueRequired\":true,\"valueName\":\"search_term_string\"}}],\"inLanguage\":\"fr-CA\"},{\"@type\":\"Organization\",\"@id\":\"https:\/\/dev.foodbankscanada.ca\/fr\/#organization\",\"name\":\"Food Banks Canada\",\"url\":\"https:\/\/dev.foodbankscanada.ca\/fr\/\",\"logo\":{\"@type\":\"ImageObject\",\"inLanguage\":\"fr-CA\",\"@id\":\"https:\/\/dev.foodbankscanada.ca\/fr\/#\/schema\/logo\/image\/\",\"url\":\"https:\/\/fbcblobstorage.blob.core.windows.net\/wordpress\/2021\/11\/logo.png\",\"contentUrl\":\"https:\/\/fbcblobstorage.blob.core.windows.net\/wordpress\/2021\/11\/logo.png\",\"width\":377,\"height\":89,\"caption\":\"Food Banks Canada\"},\"image\":{\"@id\":\"https:\/\/dev.foodbankscanada.ca\/fr\/#\/schema\/logo\/image\/\"}}]}<\/script>\n<!-- \/ Yoast SEO Premium plugin. -->","yoast_head_json":{"title":"Fiches de rendement sur la pauvret\u00e9 | Canada","description":"Consultez les fiches de rendement sur la pauvret\u00e9 au Canada et d\u00e9couvrez les tendances, donn\u00e9es et enjeux li\u00e9s \u00e0 la pauvret\u00e9.","robots":{"index":"noindex","follow":"follow","max-snippet":"max-snippet:-1","max-image-preview":"max-image-preview:large","max-video-preview":"max-video-preview:-1"},"og_locale":"fr_CA","og_type":"article","og_title":"Fiches de rendement sur la pauvret\u00e9 | Canada","og_description":"Consultez les fiches de rendement sur la pauvret\u00e9 au Canada et d\u00e9couvrez les tendances, donn\u00e9es et enjeux li\u00e9s \u00e0 la pauvret\u00e9.","og_url":"https:\/\/dev.foodbankscanada.ca\/fr\/fiches-de-rendement-sur-la-pauvrete\/","og_site_name":"Banques alimentaires Canada","article_modified_time":"2026-04-18T20:23:42+00:00","og_image":[{"url":"https:\/\/content.foodbankscanada.ca\/wordpress\/2023\/09\/Untitled-design-5.png","type":"","width":"","height":""}],"twitter_card":"summary_large_image","twitter_title":"Fiches de rendement sur la pauvret\u00e9 | Canada","twitter_description":"Consultez les fiches de rendement sur la pauvret\u00e9 au Canada et d\u00e9couvrez les tendances, donn\u00e9es et enjeux li\u00e9s \u00e0 la pauvret\u00e9.","twitter_image":"https:\/\/content.foodbankscanada.ca\/wordpress\/2023\/09\/Untitled-design-5.png","schema":{"@context":"https:\/\/schema.org","@graph":[{"@type":"WebPage","@id":"https:\/\/dev.foodbankscanada.ca\/fr\/fiches-de-rendement-sur-la-pauvrete\/","url":"https:\/\/dev.foodbankscanada.ca\/fr\/fiches-de-rendement-sur-la-pauvrete\/","name":"Fiches de rendement sur la pauvret\u00e9 | Canada","isPartOf":{"@id":"https:\/\/dev.foodbankscanada.ca\/fr\/#website"},"primaryImageOfPage":{"@id":"https:\/\/dev.foodbankscanada.ca\/fr\/fiches-de-rendement-sur-la-pauvrete\/#primaryimage"},"image":{"@id":"https:\/\/dev.foodbankscanada.ca\/fr\/fiches-de-rendement-sur-la-pauvrete\/#primaryimage"},"thumbnailUrl":"https:\/\/content.foodbankscanada.ca\/wordpress\/2023\/09\/Untitled-design-5.png","datePublished":"2024-05-17T16:19:28+00:00","dateModified":"2026-04-18T20:23:42+00:00","description":"Consultez les fiches de rendement sur la pauvret\u00e9 au Canada et d\u00e9couvrez les tendances, donn\u00e9es et enjeux li\u00e9s \u00e0 la pauvret\u00e9.","breadcrumb":{"@id":"https:\/\/dev.foodbankscanada.ca\/fr\/fiches-de-rendement-sur-la-pauvrete\/#breadcrumb"},"inLanguage":"fr-CA","potentialAction":[{"@type":"ReadAction","target":["https:\/\/dev.foodbankscanada.ca\/fr\/fiches-de-rendement-sur-la-pauvrete\/"]}]},{"@type":"ImageObject","inLanguage":"fr-CA","@id":"https:\/\/dev.foodbankscanada.ca\/fr\/fiches-de-rendement-sur-la-pauvrete\/#primaryimage","url":"https:\/\/content.foodbankscanada.ca\/wordpress\/2023\/09\/Untitled-design-5.png","contentUrl":"https:\/\/content.foodbankscanada.ca\/wordpress\/2023\/09\/Untitled-design-5.png","width":500,"height":500,"caption":"Poverty Report Card logo"},{"@type":"BreadcrumbList","@id":"https:\/\/dev.foodbankscanada.ca\/fr\/fiches-de-rendement-sur-la-pauvrete\/#breadcrumb","itemListElement":[{"@type":"ListItem","position":1,"name":"Accueil","item":"https:\/\/dev.foodbankscanada.ca\/fr\/home\/"},{"@type":"ListItem","position":2,"name":"Fiches de Rendement sur la pauvret\u00e9"}]},{"@type":"WebSite","@id":"https:\/\/dev.foodbankscanada.ca\/fr\/#website","url":"https:\/\/dev.foodbankscanada.ca\/fr\/","name":"Banques alimentaires Canada","description":"","publisher":{"@id":"https:\/\/dev.foodbankscanada.ca\/fr\/#organization"},"potentialAction":[{"@type":"SearchAction","target":{"@type":"EntryPoint","urlTemplate":"https:\/\/dev.foodbankscanada.ca\/fr\/?s={search_term_string}"},"query-input":{"@type":"PropertyValueSpecification","valueRequired":true,"valueName":"search_term_string"}}],"inLanguage":"fr-CA"},{"@type":"Organization","@id":"https:\/\/dev.foodbankscanada.ca\/fr\/#organization","name":"Food Banks Canada","url":"https:\/\/dev.foodbankscanada.ca\/fr\/","logo":{"@type":"ImageObject","inLanguage":"fr-CA","@id":"https:\/\/dev.foodbankscanada.ca\/fr\/#\/schema\/logo\/image\/","url":"https:\/\/fbcblobstorage.blob.core.windows.net\/wordpress\/2021\/11\/logo.png","contentUrl":"https:\/\/fbcblobstorage.blob.core.windows.net\/wordpress\/2021\/11\/logo.png","width":377,"height":89,"caption":"Food Banks Canada"},"image":{"@id":"https:\/\/dev.foodbankscanada.ca\/fr\/#\/schema\/logo\/image\/"}}]}},"_links":{"self":[{"href":"https:\/\/dev.foodbankscanada.ca\/fr\/wp-json\/wp\/v2\/pages\/32505","targetHints":{"allow":["GET"]}}],"collection":[{"href":"https:\/\/dev.foodbankscanada.ca\/fr\/wp-json\/wp\/v2\/pages"}],"about":[{"href":"https:\/\/dev.foodbankscanada.ca\/fr\/wp-json\/wp\/v2\/types\/page"}],"author":[{"embeddable":true,"href":"https:\/\/dev.foodbankscanada.ca\/fr\/wp-json\/wp\/v2\/users\/33"}],"replies":[{"embeddable":true,"href":"https:\/\/dev.foodbankscanada.ca\/fr\/wp-json\/wp\/v2\/comments?post=32505"}],"version-history":[{"count":35,"href":"https:\/\/dev.foodbankscanada.ca\/fr\/wp-json\/wp\/v2\/pages\/32505\/revisions"}],"predecessor-version":[{"id":46252,"href":"https:\/\/dev.foodbankscanada.ca\/fr\/wp-json\/wp\/v2\/pages\/32505\/revisions\/46252"}],"wp:featuredmedia":[{"embeddable":true,"href":"https:\/\/dev.foodbankscanada.ca\/fr\/wp-json\/wp\/v2\/media\/26636"}],"wp:attachment":[{"href":"https:\/\/dev.foodbankscanada.ca\/fr\/wp-json\/wp\/v2\/media?parent=32505"}],"wp:term":[{"taxonomy":"category","embeddable":true,"href":"https:\/\/dev.foodbankscanada.ca\/fr\/wp-json\/wp\/v2\/categories?post=32505"},{"taxonomy":"post_tag","embeddable":true,"href":"https:\/\/dev.foodbankscanada.ca\/fr\/wp-json\/wp\/v2\/tags?post=32505"}],"curies":[{"name":"wp","href":"https:\/\/api.w.org\/{rel}","templated":true}]}}