{"id":32519,"date":"2024-05-17T12:20:13","date_gmt":"2024-05-17T16:20:13","guid":{"rendered":"https:\/\/foodbankscanada.ca\/?page_id=32519"},"modified":"2026-04-18T16:22:52","modified_gmt":"2026-04-18T20:22:52","slug":"fiche-de-rendement","status":"publish","type":"page","link":"https:\/\/dev.foodbankscanada.ca\/fr\/fiches-de-rendement-sur-la-pauvrete\/fiche-de-rendement\/","title":{"rendered":"Fiche de Rendement"},"content":{"rendered":"","protected":false},"excerpt":{"rendered":"<p>D\u00e9couvrez la fiche de rendement de Banques alimentaires Canada et ses principaux r\u00e9sultats sur la pauvret\u00e9 et l\u2019ins\u00e9curit\u00e9 alimentaire au pays.<\/p>\n","protected":false},"author":33,"featured_media":0,"parent":32505,"menu_order":4,"comment_status":"closed","ping_status":"closed","template":"poverty-index-province-v3.blade.php","meta":{"_acf_changed":false,"_yoast_wpseo_focuskw":"fiche de rendement","_yoast_wpseo_title":"Fiche de rendement | Banques alimentaires Canada","_yoast_wpseo_metadesc":"Consultez la fiche de rendement de Banques alimentaires Canada pour voir les indicateurs cl\u00e9s et r\u00e9sultats en mati\u00e8re de pauvret\u00e9 et d\u2019ins\u00e9curit\u00e9 alimentaire.","_yoast_wpseo_opengraph-title":"Fiche de rendement | Banques alimentaires Canada","_yoast_wpseo_opengraph-description":"Consultez la fiche de rendement de Banques alimentaires Canada pour voir les indicateurs cl\u00e9s et r\u00e9sultats en mati\u00e8re de pauvret\u00e9 et d\u2019ins\u00e9curit\u00e9 alimentaire.","_yoast_wpseo_opengraph-image":"https:\/\/fbcblobstorage.blob.core.windows.net\/wordpress\/2024\/05\/poverty-report-card-no-year-300x300.png","_yoast_wpseo_opengraph-image-id":"32899","_yoast_wpseo_twitter-title":"Fiche de rendement | Banques alimentaires Canada","_yoast_wpseo_twitter-description":"Consultez la fiche de rendement de Banques alimentaires Canada pour voir les indicateurs cl\u00e9s et r\u00e9sultats en mati\u00e8re de pauvret\u00e9 et d\u2019ins\u00e9curit\u00e9 alimentaire.","_yoast_wpseo_twitter-image":"https:\/\/fbcblobstorage.blob.core.windows.net\/wordpress\/2024\/05\/poverty-report-card-no-year.png","_yoast_wpseo_twitter-image-id":"32899","footnotes":""},"categories":[],"tags":[],"class_list":["post-32519","page","type-page","status-publish","hentry"],"acf":[],"yoast_head":"<!-- This site is optimized with the Yoast SEO Premium plugin v26.9 (Yoast SEO v26.9) - https:\/\/yoast.com\/product\/yoast-seo-premium-wordpress\/ -->\n<title>Fiche de rendement | Banques alimentaires Canada<\/title>\n<meta name=\"description\" content=\"Consultez la fiche de rendement de Banques alimentaires Canada pour voir les indicateurs cl\u00e9s et r\u00e9sultats en mati\u00e8re de pauvret\u00e9 et d\u2019ins\u00e9curit\u00e9 alimentaire.\" \/>\n<meta name=\"robots\" content=\"noindex, follow, max-snippet:-1, max-image-preview:large, max-video-preview:-1\" \/>\n<meta property=\"og:locale\" content=\"fr_CA\" \/>\n<meta property=\"og:type\" content=\"article\" \/>\n<meta property=\"og:title\" content=\"Fiche de rendement | Banques alimentaires Canada\" \/>\n<meta property=\"og:description\" content=\"Consultez la fiche de rendement de Banques alimentaires Canada pour voir les indicateurs cl\u00e9s et r\u00e9sultats en mati\u00e8re de pauvret\u00e9 et d\u2019ins\u00e9curit\u00e9 alimentaire.\" \/>\n<meta property=\"og:url\" content=\"https:\/\/dev.foodbankscanada.ca\/fr\/fiches-de-rendement-sur-la-pauvrete\/fiche-de-rendement\/\" \/>\n<meta property=\"og:site_name\" content=\"Banques alimentaires Canada\" \/>\n<meta property=\"article:modified_time\" content=\"2026-04-18T20:22:52+00:00\" \/>\n<meta property=\"og:image\" content=\"https:\/\/content.foodbankscanada.ca\/wordpress\/2024\/05\/poverty-report-card-no-year.png\" \/>\n\t<meta property=\"og:image:width\" content=\"500\" \/>\n\t<meta property=\"og:image:height\" content=\"500\" \/>\n\t<meta property=\"og:image:type\" content=\"image\/png\" \/>\n<meta name=\"twitter:card\" content=\"summary_large_image\" \/>\n<meta name=\"twitter:title\" content=\"Fiche de rendement | Banques alimentaires Canada\" \/>\n<meta name=\"twitter:description\" content=\"Consultez la fiche de rendement de Banques alimentaires Canada pour voir les indicateurs cl\u00e9s et r\u00e9sultats en mati\u00e8re de pauvret\u00e9 et d\u2019ins\u00e9curit\u00e9 alimentaire.\" \/>\n<meta name=\"twitter:image\" content=\"https:\/\/content.foodbankscanada.ca\/wordpress\/2024\/05\/poverty-report-card-no-year.png\" \/>\n<script type=\"application\/ld+json\" class=\"yoast-schema-graph\">{\"@context\":\"https:\/\/schema.org\",\"@graph\":[{\"@type\":\"WebPage\",\"@id\":\"https:\/\/dev.foodbankscanada.ca\/fr\/fiches-de-rendement-sur-la-pauvrete\/fiche-de-rendement\/\",\"url\":\"https:\/\/dev.foodbankscanada.ca\/fr\/fiches-de-rendement-sur-la-pauvrete\/fiche-de-rendement\/\",\"name\":\"Fiche de rendement | Banques alimentaires Canada\",\"isPartOf\":{\"@id\":\"https:\/\/dev.foodbankscanada.ca\/fr\/#website\"},\"datePublished\":\"2024-05-17T16:20:13+00:00\",\"dateModified\":\"2026-04-18T20:22:52+00:00\",\"description\":\"Consultez la fiche de rendement de Banques alimentaires Canada pour voir les indicateurs cl\u00e9s et r\u00e9sultats en mati\u00e8re de pauvret\u00e9 et d\u2019ins\u00e9curit\u00e9 alimentaire.\",\"breadcrumb\":{\"@id\":\"https:\/\/dev.foodbankscanada.ca\/fr\/fiches-de-rendement-sur-la-pauvrete\/fiche-de-rendement\/#breadcrumb\"},\"inLanguage\":\"fr-CA\",\"potentialAction\":[{\"@type\":\"ReadAction\",\"target\":[\"https:\/\/dev.foodbankscanada.ca\/fr\/fiches-de-rendement-sur-la-pauvrete\/fiche-de-rendement\/\"]}]},{\"@type\":\"BreadcrumbList\",\"@id\":\"https:\/\/dev.foodbankscanada.ca\/fr\/fiches-de-rendement-sur-la-pauvrete\/fiche-de-rendement\/#breadcrumb\",\"itemListElement\":[{\"@type\":\"ListItem\",\"position\":1,\"name\":\"Accueil\",\"item\":\"https:\/\/dev.foodbankscanada.ca\/fr\/home\/\"},{\"@type\":\"ListItem\",\"position\":2,\"name\":\"Fiches de Rendement sur la pauvret\u00e9\",\"item\":\"https:\/\/dev.foodbankscanada.ca\/fr\/fiches-de-rendement-sur-la-pauvrete\/\"},{\"@type\":\"ListItem\",\"position\":3,\"name\":\"Fiche de Rendement\"}]},{\"@type\":\"WebSite\",\"@id\":\"https:\/\/dev.foodbankscanada.ca\/fr\/#website\",\"url\":\"https:\/\/dev.foodbankscanada.ca\/fr\/\",\"name\":\"Banques alimentaires Canada\",\"description\":\"\",\"publisher\":{\"@id\":\"https:\/\/dev.foodbankscanada.ca\/fr\/#organization\"},\"potentialAction\":[{\"@type\":\"SearchAction\",\"target\":{\"@type\":\"EntryPoint\",\"urlTemplate\":\"https:\/\/dev.foodbankscanada.ca\/fr\/?s={search_term_string}\"},\"query-input\":{\"@type\":\"PropertyValueSpecification\",\"valueRequired\":true,\"valueName\":\"search_term_string\"}}],\"inLanguage\":\"fr-CA\"},{\"@type\":\"Organization\",\"@id\":\"https:\/\/dev.foodbankscanada.ca\/fr\/#organization\",\"name\":\"Food Banks Canada\",\"url\":\"https:\/\/dev.foodbankscanada.ca\/fr\/\",\"logo\":{\"@type\":\"ImageObject\",\"inLanguage\":\"fr-CA\",\"@id\":\"https:\/\/dev.foodbankscanada.ca\/fr\/#\/schema\/logo\/image\/\",\"url\":\"https:\/\/fbcblobstorage.blob.core.windows.net\/wordpress\/2021\/11\/logo.png\",\"contentUrl\":\"https:\/\/fbcblobstorage.blob.core.windows.net\/wordpress\/2021\/11\/logo.png\",\"width\":377,\"height\":89,\"caption\":\"Food Banks Canada\"},\"image\":{\"@id\":\"https:\/\/dev.foodbankscanada.ca\/fr\/#\/schema\/logo\/image\/\"}}]}<\/script>\n<!-- \/ Yoast SEO Premium plugin. -->","yoast_head_json":{"title":"Fiche de rendement | Banques alimentaires Canada","description":"Consultez la fiche de rendement de Banques alimentaires Canada pour voir les indicateurs cl\u00e9s et r\u00e9sultats en mati\u00e8re de pauvret\u00e9 et d\u2019ins\u00e9curit\u00e9 alimentaire.","robots":{"index":"noindex","follow":"follow","max-snippet":"max-snippet:-1","max-image-preview":"max-image-preview:large","max-video-preview":"max-video-preview:-1"},"og_locale":"fr_CA","og_type":"article","og_title":"Fiche de rendement | Banques alimentaires Canada","og_description":"Consultez la fiche de rendement de Banques alimentaires Canada pour voir les indicateurs cl\u00e9s et r\u00e9sultats en mati\u00e8re de pauvret\u00e9 et d\u2019ins\u00e9curit\u00e9 alimentaire.","og_url":"https:\/\/dev.foodbankscanada.ca\/fr\/fiches-de-rendement-sur-la-pauvrete\/fiche-de-rendement\/","og_site_name":"Banques alimentaires Canada","article_modified_time":"2026-04-18T20:22:52+00:00","og_image":[{"width":500,"height":500,"url":"https:\/\/content.foodbankscanada.ca\/wordpress\/2024\/05\/poverty-report-card-no-year.png","type":"image\/png"}],"twitter_card":"summary_large_image","twitter_title":"Fiche de rendement | Banques alimentaires Canada","twitter_description":"Consultez la fiche de rendement de Banques alimentaires Canada pour voir les indicateurs cl\u00e9s et r\u00e9sultats en mati\u00e8re de pauvret\u00e9 et d\u2019ins\u00e9curit\u00e9 alimentaire.","twitter_image":"https:\/\/content.foodbankscanada.ca\/wordpress\/2024\/05\/poverty-report-card-no-year.png","schema":{"@context":"https:\/\/schema.org","@graph":[{"@type":"WebPage","@id":"https:\/\/dev.foodbankscanada.ca\/fr\/fiches-de-rendement-sur-la-pauvrete\/fiche-de-rendement\/","url":"https:\/\/dev.foodbankscanada.ca\/fr\/fiches-de-rendement-sur-la-pauvrete\/fiche-de-rendement\/","name":"Fiche de rendement | Banques alimentaires Canada","isPartOf":{"@id":"https:\/\/dev.foodbankscanada.ca\/fr\/#website"},"datePublished":"2024-05-17T16:20:13+00:00","dateModified":"2026-04-18T20:22:52+00:00","description":"Consultez la fiche de rendement de Banques alimentaires Canada pour voir les indicateurs cl\u00e9s et r\u00e9sultats en mati\u00e8re de pauvret\u00e9 et d\u2019ins\u00e9curit\u00e9 alimentaire.","breadcrumb":{"@id":"https:\/\/dev.foodbankscanada.ca\/fr\/fiches-de-rendement-sur-la-pauvrete\/fiche-de-rendement\/#breadcrumb"},"inLanguage":"fr-CA","potentialAction":[{"@type":"ReadAction","target":["https:\/\/dev.foodbankscanada.ca\/fr\/fiches-de-rendement-sur-la-pauvrete\/fiche-de-rendement\/"]}]},{"@type":"BreadcrumbList","@id":"https:\/\/dev.foodbankscanada.ca\/fr\/fiches-de-rendement-sur-la-pauvrete\/fiche-de-rendement\/#breadcrumb","itemListElement":[{"@type":"ListItem","position":1,"name":"Accueil","item":"https:\/\/dev.foodbankscanada.ca\/fr\/home\/"},{"@type":"ListItem","position":2,"name":"Fiches de Rendement sur la pauvret\u00e9","item":"https:\/\/dev.foodbankscanada.ca\/fr\/fiches-de-rendement-sur-la-pauvrete\/"},{"@type":"ListItem","position":3,"name":"Fiche de Rendement"}]},{"@type":"WebSite","@id":"https:\/\/dev.foodbankscanada.ca\/fr\/#website","url":"https:\/\/dev.foodbankscanada.ca\/fr\/","name":"Banques alimentaires Canada","description":"","publisher":{"@id":"https:\/\/dev.foodbankscanada.ca\/fr\/#organization"},"potentialAction":[{"@type":"SearchAction","target":{"@type":"EntryPoint","urlTemplate":"https:\/\/dev.foodbankscanada.ca\/fr\/?s={search_term_string}"},"query-input":{"@type":"PropertyValueSpecification","valueRequired":true,"valueName":"search_term_string"}}],"inLanguage":"fr-CA"},{"@type":"Organization","@id":"https:\/\/dev.foodbankscanada.ca\/fr\/#organization","name":"Food Banks Canada","url":"https:\/\/dev.foodbankscanada.ca\/fr\/","logo":{"@type":"ImageObject","inLanguage":"fr-CA","@id":"https:\/\/dev.foodbankscanada.ca\/fr\/#\/schema\/logo\/image\/","url":"https:\/\/fbcblobstorage.blob.core.windows.net\/wordpress\/2021\/11\/logo.png","contentUrl":"https:\/\/fbcblobstorage.blob.core.windows.net\/wordpress\/2021\/11\/logo.png","width":377,"height":89,"caption":"Food Banks Canada"},"image":{"@id":"https:\/\/dev.foodbankscanada.ca\/fr\/#\/schema\/logo\/image\/"}}]}},"_links":{"self":[{"href":"https:\/\/dev.foodbankscanada.ca\/fr\/wp-json\/wp\/v2\/pages\/32519","targetHints":{"allow":["GET"]}}],"collection":[{"href":"https:\/\/dev.foodbankscanada.ca\/fr\/wp-json\/wp\/v2\/pages"}],"about":[{"href":"https:\/\/dev.foodbankscanada.ca\/fr\/wp-json\/wp\/v2\/types\/page"}],"author":[{"embeddable":true,"href":"https:\/\/dev.foodbankscanada.ca\/fr\/wp-json\/wp\/v2\/users\/33"}],"replies":[{"embeddable":true,"href":"https:\/\/dev.foodbankscanada.ca\/fr\/wp-json\/wp\/v2\/comments?post=32519"}],"version-history":[{"count":3,"href":"https:\/\/dev.foodbankscanada.ca\/fr\/wp-json\/wp\/v2\/pages\/32519\/revisions"}],"predecessor-version":[{"id":46246,"href":"https:\/\/dev.foodbankscanada.ca\/fr\/wp-json\/wp\/v2\/pages\/32519\/revisions\/46246"}],"up":[{"embeddable":true,"href":"https:\/\/dev.foodbankscanada.ca\/fr\/wp-json\/wp\/v2\/pages\/32505"}],"wp:attachment":[{"href":"https:\/\/dev.foodbankscanada.ca\/fr\/wp-json\/wp\/v2\/media?parent=32519"}],"wp:term":[{"taxonomy":"category","embeddable":true,"href":"https:\/\/dev.foodbankscanada.ca\/fr\/wp-json\/wp\/v2\/categories?post=32519"},{"taxonomy":"post_tag","embeddable":true,"href":"https:\/\/dev.foodbankscanada.ca\/fr\/wp-json\/wp\/v2\/tags?post=32519"}],"curies":[{"name":"wp","href":"https:\/\/api.w.org\/{rel}","templated":true}]}}