{"id":8124,"date":"2022-03-17T09:37:05","date_gmt":"2022-03-17T13:37:05","guid":{"rendered":"https:\/\/prod2020.foodbankscanada.ca\/about-us\/direction\/"},"modified":"2026-04-18T16:26:38","modified_gmt":"2026-04-18T20:26:38","slug":"direction","status":"publish","type":"page","link":"https:\/\/dev.foodbankscanada.ca\/fr\/qui-sommes-nous\/direction\/","title":{"rendered":"Direction"},"content":{"rendered":"\n<h2 class=\"wp-block-heading\" id=\"h-bureau-national\">Bureau national<\/h2>\n\n\n\n<p class=\"text-nowrap\"><strong>Notre adresse postale est uniquement pour recevoir le courrier. Bien que nous n\u2019ayons pas de lieu physique, nous sommes l\u00e0 pour vous par courriel ou t\u00e9l\u00e9phone.<\/strong><\/p>\n\n\n\n<p>77 City Centre Dr. Suite 501<br>Mississauga, ON L5B 1M5<\/p>\n\n\n\n<p><strong>T\u00e9l. :&nbsp;<\/strong><a href=\"tel: +19056025234\">(905) 602-5234<\/a> |&nbsp;<strong>Sans frais :&nbsp;<\/strong><a href=\"tel: +18775350958\">1 (877) 535-0958<\/a><br><strong>T\u00e9l\u00e9c. :&nbsp;<\/strong><a href=\"tel: +19056025614\">(905) 602-5614<\/a> |&nbsp;<a href=\"mailto:info@fbcblobstorage.blob.core.windows.net\"><\/a><strong><a href=\"mailto:info@foodbankscanada.ca\"><\/a><\/strong><a href=\"mailto:info@foodbankscanada.ca\">info@foodbankscanada.ca<\/a><\/p>\n\n\n\n<hr class=\"wp-block-separator has-alpha-channel-opacity\"\/>\n\n\n\n<figure class=\"wp-block-image size-full is-resized\"><img loading=\"lazy\" decoding=\"async\" width=\"983\" height=\"794\" src=\"https:\/\/content.foodbankscanada.ca\/wordpress\/2025\/05\/kirstin-beardsley-682b837c44a44.jpg\" alt=\"\" class=\"wp-image-39228\" style=\"width:260px\"\/><\/figure>\n\n\n\n<p><strong>Kirstin Beardsley<\/strong><br>Chef de la direction, poste 244<\/p>\n\n\n\n<p><strong>Chris Ferraz<\/strong><br>Chef de l&#8217;administration, poste 667<\/p>\n\n\n\n<p><strong>Philippe Ozga<\/strong><br>Chef des services au r\u00e9seau, poste 302<\/p>\n\n\n\n<p><strong>Erin Filey-Wronecki<\/strong><br>Chef de la d\u00e9veloppement et des partenariats, poste 229<\/p>\n\n\n\n<p><strong>Chantal Senecal<\/strong><br>Directrice de programmes national, poste 1155<\/p>\n\n\n\n<p><strong>Claudia Galella<\/strong><br>Directrice du d\u00e9veloppement corporatif et des partenariats, poste 1130<\/p>\n\n\n\n<p><strong>Mahen Kandasamy<\/strong><br>Directeur des finances, poste 224<\/p>\n\n\n\n<p><strong>Michelle Book<\/strong><br>Directrice de la communication externe, poste 1169<\/p>\n\n\n\n<p><strong>Danielle Lalonde<\/strong><br>Directrice de la communication interne, poste 232<\/p>\n\n\n\n<p><strong>Richard Matern<\/strong><br>Directeur de la recherche, poste 210<\/p>\n\n\n\n<p><strong>Sonia Dupte<\/strong><br>Directrice, philanthropie poste 1213<\/p>\n\n\n\n<p><strong>Lisa Wernham<\/strong><br>Directrice, syst\u00e8me national du partage des aliments, poste 290<\/p>\n","protected":false},"excerpt":{"rendered":"<p>Direction de Banques alimentaires Canada : trouvez les coordonn\u00e9es du bureau national et les membres de l\u2019\u00e9quipe de direction.<\/p>\n","protected":false},"author":33,"featured_media":39228,"parent":5227,"menu_order":2,"comment_status":"closed","ping_status":"closed","template":"","meta":{"_acf_changed":false,"_yoast_wpseo_focuskw":"Direction de Banques alimentaires Canada","_yoast_wpseo_title":"Direction de Banques alimentaires Canada","_yoast_wpseo_metadesc":"Direction de Banques alimentaires Canada : coordonn\u00e9es du bureau national, t\u00e9l\u00e9phone, courriel et \u00e9quipe de direction.","_yoast_wpseo_opengraph-title":"Direction de Banques alimentaires Canada","_yoast_wpseo_opengraph-description":"Direction de Banques alimentaires Canada : coordonn\u00e9es du bureau national, t\u00e9l\u00e9phone, courriel et \u00e9quipe de direction.","_yoast_wpseo_opengraph-image":"https:\/\/content.foodbankscanada.ca\/wordpress\/2025\/05\/kirstin-beardsley-682b837c44a44.jpg","_yoast_wpseo_opengraph-image-id":"","_yoast_wpseo_twitter-title":"Direction de Banques alimentaires Canada","_yoast_wpseo_twitter-description":"Direction de Banques alimentaires Canada : coordonn\u00e9es du bureau national, t\u00e9l\u00e9phone, courriel et \u00e9quipe de direction.","_yoast_wpseo_twitter-image":"https:\/\/content.foodbankscanada.ca\/wordpress\/2025\/05\/kirstin-beardsley-682b837c44a44.jpg","_yoast_wpseo_twitter-image-id":"","footnotes":""},"categories":[],"tags":[],"class_list":["post-8124","page","type-page","status-publish","has-post-thumbnail","hentry"],"acf":[],"yoast_head":"<!-- This site is optimized with the Yoast SEO Premium plugin v26.9 (Yoast SEO v26.9) - https:\/\/yoast.com\/product\/yoast-seo-premium-wordpress\/ -->\n<title>Direction de Banques alimentaires Canada<\/title>\n<meta name=\"description\" content=\"Direction de Banques alimentaires Canada : coordonn\u00e9es du bureau national, t\u00e9l\u00e9phone, courriel et \u00e9quipe de direction.\" \/>\n<meta name=\"robots\" content=\"noindex, follow, max-snippet:-1, max-image-preview:large, max-video-preview:-1\" \/>\n<meta property=\"og:locale\" content=\"fr_CA\" \/>\n<meta property=\"og:type\" content=\"article\" \/>\n<meta property=\"og:title\" content=\"Direction de Banques alimentaires Canada\" \/>\n<meta property=\"og:description\" content=\"Direction de Banques alimentaires Canada : coordonn\u00e9es du bureau national, t\u00e9l\u00e9phone, courriel et \u00e9quipe de direction.\" \/>\n<meta property=\"og:url\" content=\"https:\/\/dev.foodbankscanada.ca\/fr\/qui-sommes-nous\/direction\/\" \/>\n<meta property=\"og:site_name\" content=\"Banques alimentaires Canada\" \/>\n<meta property=\"article:modified_time\" content=\"2026-04-18T20:26:38+00:00\" \/>\n<meta property=\"og:image\" content=\"https:\/\/content.foodbankscanada.ca\/wordpress\/2025\/05\/kirstin-beardsley-682b837c44a44.jpg\" \/>\n<meta name=\"twitter:card\" content=\"summary_large_image\" \/>\n<meta name=\"twitter:title\" content=\"Direction de Banques alimentaires Canada\" \/>\n<meta name=\"twitter:description\" content=\"Direction de Banques alimentaires Canada : coordonn\u00e9es du bureau national, t\u00e9l\u00e9phone, courriel et \u00e9quipe de direction.\" \/>\n<meta name=\"twitter:image\" content=\"https:\/\/content.foodbankscanada.ca\/wordpress\/2025\/05\/kirstin-beardsley-682b837c44a44.jpg\" \/>\n<meta name=\"twitter:label1\" content=\"Est. reading time\" \/>\n\t<meta name=\"twitter:data1\" content=\"1 minute\" \/>\n<script type=\"application\/ld+json\" class=\"yoast-schema-graph\">{\"@context\":\"https:\/\/schema.org\",\"@graph\":[{\"@type\":\"WebPage\",\"@id\":\"https:\/\/dev.foodbankscanada.ca\/fr\/qui-sommes-nous\/direction\/\",\"url\":\"https:\/\/dev.foodbankscanada.ca\/fr\/qui-sommes-nous\/direction\/\",\"name\":\"Direction de Banques alimentaires Canada\",\"isPartOf\":{\"@id\":\"https:\/\/dev.foodbankscanada.ca\/fr\/#website\"},\"primaryImageOfPage\":{\"@id\":\"https:\/\/dev.foodbankscanada.ca\/fr\/qui-sommes-nous\/direction\/#primaryimage\"},\"image\":{\"@id\":\"https:\/\/dev.foodbankscanada.ca\/fr\/qui-sommes-nous\/direction\/#primaryimage\"},\"thumbnailUrl\":\"https:\/\/content.foodbankscanada.ca\/wordpress\/2025\/05\/kirstin-beardsley-682b837c44a44.jpg\",\"datePublished\":\"2022-03-17T13:37:05+00:00\",\"dateModified\":\"2026-04-18T20:26:38+00:00\",\"description\":\"Direction de Banques alimentaires Canada : coordonn\u00e9es du bureau national, t\u00e9l\u00e9phone, courriel et \u00e9quipe de direction.\",\"breadcrumb\":{\"@id\":\"https:\/\/dev.foodbankscanada.ca\/fr\/qui-sommes-nous\/direction\/#breadcrumb\"},\"inLanguage\":\"fr-CA\",\"potentialAction\":[{\"@type\":\"ReadAction\",\"target\":[\"https:\/\/dev.foodbankscanada.ca\/fr\/qui-sommes-nous\/direction\/\"]}]},{\"@type\":\"ImageObject\",\"inLanguage\":\"fr-CA\",\"@id\":\"https:\/\/dev.foodbankscanada.ca\/fr\/qui-sommes-nous\/direction\/#primaryimage\",\"url\":\"https:\/\/content.foodbankscanada.ca\/wordpress\/2025\/05\/kirstin-beardsley-682b837c44a44.jpg\",\"contentUrl\":\"https:\/\/content.foodbankscanada.ca\/wordpress\/2025\/05\/kirstin-beardsley-682b837c44a44.jpg\",\"width\":983,\"height\":794},{\"@type\":\"BreadcrumbList\",\"@id\":\"https:\/\/dev.foodbankscanada.ca\/fr\/qui-sommes-nous\/direction\/#breadcrumb\",\"itemListElement\":[{\"@type\":\"ListItem\",\"position\":1,\"name\":\"Accueil\",\"item\":\"https:\/\/dev.foodbankscanada.ca\/fr\/home\/\"},{\"@type\":\"ListItem\",\"position\":2,\"name\":\"Qui sommes-nous\",\"item\":\"https:\/\/dev.foodbankscanada.ca\/fr\/qui-sommes-nous\/\"},{\"@type\":\"ListItem\",\"position\":3,\"name\":\"Direction\"}]},{\"@type\":\"WebSite\",\"@id\":\"https:\/\/dev.foodbankscanada.ca\/fr\/#website\",\"url\":\"https:\/\/dev.foodbankscanada.ca\/fr\/\",\"name\":\"Banques alimentaires Canada\",\"description\":\"\",\"publisher\":{\"@id\":\"https:\/\/dev.foodbankscanada.ca\/fr\/#organization\"},\"potentialAction\":[{\"@type\":\"SearchAction\",\"target\":{\"@type\":\"EntryPoint\",\"urlTemplate\":\"https:\/\/dev.foodbankscanada.ca\/fr\/?s={search_term_string}\"},\"query-input\":{\"@type\":\"PropertyValueSpecification\",\"valueRequired\":true,\"valueName\":\"search_term_string\"}}],\"inLanguage\":\"fr-CA\"},{\"@type\":\"Organization\",\"@id\":\"https:\/\/dev.foodbankscanada.ca\/fr\/#organization\",\"name\":\"Food Banks Canada\",\"url\":\"https:\/\/dev.foodbankscanada.ca\/fr\/\",\"logo\":{\"@type\":\"ImageObject\",\"inLanguage\":\"fr-CA\",\"@id\":\"https:\/\/dev.foodbankscanada.ca\/fr\/#\/schema\/logo\/image\/\",\"url\":\"https:\/\/fbcblobstorage.blob.core.windows.net\/wordpress\/2021\/11\/logo.png\",\"contentUrl\":\"https:\/\/fbcblobstorage.blob.core.windows.net\/wordpress\/2021\/11\/logo.png\",\"width\":377,\"height\":89,\"caption\":\"Food Banks Canada\"},\"image\":{\"@id\":\"https:\/\/dev.foodbankscanada.ca\/fr\/#\/schema\/logo\/image\/\"}}]}<\/script>\n<!-- \/ Yoast SEO Premium plugin. -->","yoast_head_json":{"title":"Direction de Banques alimentaires Canada","description":"Direction de Banques alimentaires Canada : coordonn\u00e9es du bureau national, t\u00e9l\u00e9phone, courriel et \u00e9quipe de direction.","robots":{"index":"noindex","follow":"follow","max-snippet":"max-snippet:-1","max-image-preview":"max-image-preview:large","max-video-preview":"max-video-preview:-1"},"og_locale":"fr_CA","og_type":"article","og_title":"Direction de Banques alimentaires Canada","og_description":"Direction de Banques alimentaires Canada : coordonn\u00e9es du bureau national, t\u00e9l\u00e9phone, courriel et \u00e9quipe de direction.","og_url":"https:\/\/dev.foodbankscanada.ca\/fr\/qui-sommes-nous\/direction\/","og_site_name":"Banques alimentaires Canada","article_modified_time":"2026-04-18T20:26:38+00:00","og_image":[{"url":"https:\/\/content.foodbankscanada.ca\/wordpress\/2025\/05\/kirstin-beardsley-682b837c44a44.jpg","type":"","width":"","height":""}],"twitter_card":"summary_large_image","twitter_title":"Direction de Banques alimentaires Canada","twitter_description":"Direction de Banques alimentaires Canada : coordonn\u00e9es du bureau national, t\u00e9l\u00e9phone, courriel et \u00e9quipe de direction.","twitter_image":"https:\/\/content.foodbankscanada.ca\/wordpress\/2025\/05\/kirstin-beardsley-682b837c44a44.jpg","twitter_misc":{"Est. reading time":"1 minute"},"schema":{"@context":"https:\/\/schema.org","@graph":[{"@type":"WebPage","@id":"https:\/\/dev.foodbankscanada.ca\/fr\/qui-sommes-nous\/direction\/","url":"https:\/\/dev.foodbankscanada.ca\/fr\/qui-sommes-nous\/direction\/","name":"Direction de Banques alimentaires Canada","isPartOf":{"@id":"https:\/\/dev.foodbankscanada.ca\/fr\/#website"},"primaryImageOfPage":{"@id":"https:\/\/dev.foodbankscanada.ca\/fr\/qui-sommes-nous\/direction\/#primaryimage"},"image":{"@id":"https:\/\/dev.foodbankscanada.ca\/fr\/qui-sommes-nous\/direction\/#primaryimage"},"thumbnailUrl":"https:\/\/content.foodbankscanada.ca\/wordpress\/2025\/05\/kirstin-beardsley-682b837c44a44.jpg","datePublished":"2022-03-17T13:37:05+00:00","dateModified":"2026-04-18T20:26:38+00:00","description":"Direction de Banques alimentaires Canada : coordonn\u00e9es du bureau national, t\u00e9l\u00e9phone, courriel et \u00e9quipe de direction.","breadcrumb":{"@id":"https:\/\/dev.foodbankscanada.ca\/fr\/qui-sommes-nous\/direction\/#breadcrumb"},"inLanguage":"fr-CA","potentialAction":[{"@type":"ReadAction","target":["https:\/\/dev.foodbankscanada.ca\/fr\/qui-sommes-nous\/direction\/"]}]},{"@type":"ImageObject","inLanguage":"fr-CA","@id":"https:\/\/dev.foodbankscanada.ca\/fr\/qui-sommes-nous\/direction\/#primaryimage","url":"https:\/\/content.foodbankscanada.ca\/wordpress\/2025\/05\/kirstin-beardsley-682b837c44a44.jpg","contentUrl":"https:\/\/content.foodbankscanada.ca\/wordpress\/2025\/05\/kirstin-beardsley-682b837c44a44.jpg","width":983,"height":794},{"@type":"BreadcrumbList","@id":"https:\/\/dev.foodbankscanada.ca\/fr\/qui-sommes-nous\/direction\/#breadcrumb","itemListElement":[{"@type":"ListItem","position":1,"name":"Accueil","item":"https:\/\/dev.foodbankscanada.ca\/fr\/home\/"},{"@type":"ListItem","position":2,"name":"Qui sommes-nous","item":"https:\/\/dev.foodbankscanada.ca\/fr\/qui-sommes-nous\/"},{"@type":"ListItem","position":3,"name":"Direction"}]},{"@type":"WebSite","@id":"https:\/\/dev.foodbankscanada.ca\/fr\/#website","url":"https:\/\/dev.foodbankscanada.ca\/fr\/","name":"Banques alimentaires Canada","description":"","publisher":{"@id":"https:\/\/dev.foodbankscanada.ca\/fr\/#organization"},"potentialAction":[{"@type":"SearchAction","target":{"@type":"EntryPoint","urlTemplate":"https:\/\/dev.foodbankscanada.ca\/fr\/?s={search_term_string}"},"query-input":{"@type":"PropertyValueSpecification","valueRequired":true,"valueName":"search_term_string"}}],"inLanguage":"fr-CA"},{"@type":"Organization","@id":"https:\/\/dev.foodbankscanada.ca\/fr\/#organization","name":"Food Banks Canada","url":"https:\/\/dev.foodbankscanada.ca\/fr\/","logo":{"@type":"ImageObject","inLanguage":"fr-CA","@id":"https:\/\/dev.foodbankscanada.ca\/fr\/#\/schema\/logo\/image\/","url":"https:\/\/fbcblobstorage.blob.core.windows.net\/wordpress\/2021\/11\/logo.png","contentUrl":"https:\/\/fbcblobstorage.blob.core.windows.net\/wordpress\/2021\/11\/logo.png","width":377,"height":89,"caption":"Food Banks Canada"},"image":{"@id":"https:\/\/dev.foodbankscanada.ca\/fr\/#\/schema\/logo\/image\/"}}]}},"_links":{"self":[{"href":"https:\/\/dev.foodbankscanada.ca\/fr\/wp-json\/wp\/v2\/pages\/8124","targetHints":{"allow":["GET"]}}],"collection":[{"href":"https:\/\/dev.foodbankscanada.ca\/fr\/wp-json\/wp\/v2\/pages"}],"about":[{"href":"https:\/\/dev.foodbankscanada.ca\/fr\/wp-json\/wp\/v2\/types\/page"}],"author":[{"embeddable":true,"href":"https:\/\/dev.foodbankscanada.ca\/fr\/wp-json\/wp\/v2\/users\/33"}],"replies":[{"embeddable":true,"href":"https:\/\/dev.foodbankscanada.ca\/fr\/wp-json\/wp\/v2\/comments?post=8124"}],"version-history":[{"count":46,"href":"https:\/\/dev.foodbankscanada.ca\/fr\/wp-json\/wp\/v2\/pages\/8124\/revisions"}],"predecessor-version":[{"id":46270,"href":"https:\/\/dev.foodbankscanada.ca\/fr\/wp-json\/wp\/v2\/pages\/8124\/revisions\/46270"}],"up":[{"embeddable":true,"href":"https:\/\/dev.foodbankscanada.ca\/fr\/wp-json\/wp\/v2\/pages\/5227"}],"wp:featuredmedia":[{"embeddable":true,"href":"https:\/\/dev.foodbankscanada.ca\/fr\/wp-json\/wp\/v2\/media\/39228"}],"wp:attachment":[{"href":"https:\/\/dev.foodbankscanada.ca\/fr\/wp-json\/wp\/v2\/media?parent=8124"}],"wp:term":[{"taxonomy":"category","embeddable":true,"href":"https:\/\/dev.foodbankscanada.ca\/fr\/wp-json\/wp\/v2\/categories?post=8124"},{"taxonomy":"post_tag","embeddable":true,"href":"https:\/\/dev.foodbankscanada.ca\/fr\/wp-json\/wp\/v2\/tags?post=8124"}],"curies":[{"name":"wp","href":"https:\/\/api.w.org\/{rel}","templated":true}]}}